{"id":50,"date":"2013-01-03T15:23:33","date_gmt":"2013-01-03T15:23:33","guid":{"rendered":"http:\/\/anpagarciabarbon.org\/?page_id=50"},"modified":"2023-10-19T17:37:02","modified_gmt":"2023-10-19T15:37:02","slug":"contactar-2","status":"publish","type":"page","link":"https:\/\/anpagarciabarbon.org\/?page_id=50","title":{"rendered":"Contactar"},"content":{"rendered":"<p><img loading=\"lazy\" decoding=\"async\" class=\"aligncenter size-full wp-image-1501\" src=\"http:\/\/anpagarciabarbon.org\/wp-content\/uploads\/2013\/01\/contactar.jpg\" alt=\"contactar\" width=\"299\" height=\"168\" \/><\/p>\n<p>Podes contactar coa ANPA do CEIP Garc\u00eda Barb\u00f3n seg\u00fan che preste mellor :<\/p>\n<p>-Presencialmente, na oficina da ANPA no colexio. Horario de <strong>9.00 a 9.30 e de 12.30 a 18.30h.<\/strong><\/p>\n<p>&#8211; Chamando ao tel\u00e9fono <strong>660175215 <\/strong>(tam\u00e9n por <strong>Whatsapp<\/strong> ou por <strong>SMS<\/strong>)<strong><br \/>\n<\/strong><\/p>\n<p>&#8211; Descargando a aplicaci\u00f3n <strong>ANPA A Barxa<\/strong> en google play.<\/p>\n<p>&#8211; Escribindo un correo \u00e1 direcci\u00f3n: <strong>anpa.garcia.barbon[arroba]gmail.com<\/strong><\/p>\n","protected":false},"excerpt":{"rendered":"<p>Podes contactar coa ANPA do CEIP Garc\u00eda Barb\u00f3n seg\u00fan che preste mellor : -Presencialmente, na oficina da ANPA no colexio. Horario de 9.00 a 9.30 e de 12.30 a 18.30h. [&hellip;]<\/p>\n","protected":false},"author":1,"featured_media":0,"parent":0,"menu_order":6,"comment_status":"closed","ping_status":"open","template":"","meta":{"footnotes":""},"_links":{"self":[{"href":"https:\/\/anpagarciabarbon.org\/index.php?rest_route=\/wp\/v2\/pages\/50"}],"collection":[{"href":"https:\/\/anpagarciabarbon.org\/index.php?rest_route=\/wp\/v2\/pages"}],"about":[{"href":"https:\/\/anpagarciabarbon.org\/index.php?rest_route=\/wp\/v2\/types\/page"}],"author":[{"embeddable":true,"href":"https:\/\/anpagarciabarbon.org\/index.php?rest_route=\/wp\/v2\/users\/1"}],"replies":[{"embeddable":true,"href":"https:\/\/anpagarciabarbon.org\/index.php?rest_route=%2Fwp%2Fv2%2Fcomments&post=50"}],"version-history":[{"count":14,"href":"https:\/\/anpagarciabarbon.org\/index.php?rest_route=\/wp\/v2\/pages\/50\/revisions"}],"predecessor-version":[{"id":4414,"href":"https:\/\/anpagarciabarbon.org\/index.php?rest_route=\/wp\/v2\/pages\/50\/revisions\/4414"}],"wp:attachment":[{"href":"https:\/\/anpagarciabarbon.org\/index.php?rest_route=%2Fwp%2Fv2%2Fmedia&parent=50"}],"curies":[{"name":"wp","href":"https:\/\/api.w.org\/{rel}","templated":true}]}}