{"id":15,"date":"2012-12-30T23:38:11","date_gmt":"2012-12-30T23:38:11","guid":{"rendered":"http:\/\/anpagarciabarbon.org\/?page_id=15"},"modified":"2025-10-09T16:30:56","modified_gmt":"2025-10-09T14:30:56","slug":"actividades-extraescolares-2012-2013","status":"publish","type":"page","link":"https:\/\/anpagarciabarbon.org\/?page_id=15","title":{"rendered":"Actividades Extraescolares"},"content":{"rendered":"<p>As actividades extraescolares te\u00f1en un papel fundamental na organizaci\u00f3n e xesti\u00f3n da ANPA. Tratamos de ofrecer sempre actividades que resulten atractivas para as nenas e nenos, que contrib\u00faan ao seu desenvolvemento dende diferentes \u00e1reas e sobre todo que dean resposta \u00e1 necesidade de conciliar que temos todas as familias no noso d\u00eda a d\u00eda.<\/p>\n<p>PODEDES CONSULTAR AS LISTAXES DE PERSOAS ADMITIDAS NO CORCHO QUE HAI NA ENTRADA DO COLE<\/p>\n\n\n<p>Cuadro de actividades curso 2025-2026 <\/p>\n\n\n\n<div data-wp-interactive=\"core\/file\" class=\"wp-block-file\"><object data-wp-bind--hidden=\"!state.hasPdfPreview\"  class=\"wp-block-file__embed\" data=\"http:\/\/anpagarciabarbon.org\/wp-content\/uploads\/2025\/10\/Cuadro-de-Actividades-25-26.xlsx-25-26-1-1.pdf\" type=\"application\/pdf\" style=\"width:100%;height:600px\" aria-label=\"Incrustado de Cuadro-de-Actividades-25-26.xlsx-25-26-1-1.\"><\/object><a id=\"wp-block-file--media-219ace6c-1bd2-42e1-b690-6089475463a0\" href=\"http:\/\/anpagarciabarbon.org\/wp-content\/uploads\/2025\/10\/Cuadro-de-Actividades-25-26.xlsx-25-26-1-1.pdf\">Cuadro-de-Actividades-25-26.xlsx-25-26-1-1<\/a><a href=\"http:\/\/anpagarciabarbon.org\/wp-content\/uploads\/2025\/10\/Cuadro-de-Actividades-25-26.xlsx-25-26-1-1.pdf\" class=\"wp-block-file__button wp-element-button\" download aria-describedby=\"wp-block-file--media-219ace6c-1bd2-42e1-b690-6089475463a0\">Descarga\t <\/a><\/div>\n\n\n\n<div data-wp-interactive=\"core\/file\" class=\"wp-block-file\"><object data-wp-bind--hidden=\"!state.hasPdfPreview\"  class=\"wp-block-file__embed\" data=\"http:\/\/anpagarciabarbon.org\/wp-content\/uploads\/2025\/10\/Cuadro-de-Actividades-25-26.xlsx-Fuera-del-centro-1.pdf\" type=\"application\/pdf\" style=\"width:100%;height:600px\" aria-label=\"Incrustado de Cuadro-de-Actividades-25-26.xlsx-Fuera-del-centro-1.\"><\/object><a id=\"wp-block-file--media-cf15f33f-b4f2-4159-b815-7be52d2e6d6e\" href=\"http:\/\/anpagarciabarbon.org\/wp-content\/uploads\/2025\/10\/Cuadro-de-Actividades-25-26.xlsx-Fuera-del-centro-1.pdf\">Cuadro-de-Actividades-25-26.xlsx-Fuera-del-centro-1<\/a><a href=\"http:\/\/anpagarciabarbon.org\/wp-content\/uploads\/2025\/10\/Cuadro-de-Actividades-25-26.xlsx-Fuera-del-centro-1.pdf\" class=\"wp-block-file__button wp-element-button\" download aria-describedby=\"wp-block-file--media-cf15f33f-b4f2-4159-b815-7be52d2e6d6e\">Descarga\t <\/a><\/div>\n\n\n\n<p>Danza moderna <a href=\"http:\/\/anpagarciabarbon.org\/?p=4223\" data-type=\"URL\" data-id=\"http:\/\/anpagarciabarbon.org\/?p=4223\">http:\/\/anpagarciabarbon.org\/?p=4223<\/a><\/p>\n\n\n\n<p>Rob\u00f3tica <a href=\"http:\/\/anpagarciabarbon.org\/?p=4236\" data-type=\"URL\" data-id=\"http:\/\/anpagarciabarbon.org\/?p=4236\">http:\/\/anpagarciabarbon.org\/?p=4236<\/a><\/p>\n\n\n\n<p>Teatro <a href=\"http:\/\/anpagarciabarbon.org\/?p=4231\" data-type=\"URL\" data-id=\"http:\/\/anpagarciabarbon.org\/?p=4231\">http:\/\/anpagarciabarbon.org\/?p=4231<\/a><\/p>\n\n\n\n<p>Danza Moderna <a href=\"http:\/\/anpagarciabarbon.org\/?p=4223\">http:\/\/anpagarciabarbon.org\/?p=4223<\/a><\/p>\n\n\n\n<p>Intelixencia Emocional <a href=\"http:\/\/anpagarciabarbon.org\/?p=4213\">http:\/\/anpagarciabarbon.org\/?p=4213<\/a><\/p>\n\n\n\n<p>Multideporte <a href=\"http:\/\/anpagarciabarbon.org\/?p=4210\">http:\/\/anpagarciabarbon.org\/?p=4210<\/a><\/p>\n\n\n\n<p>M\u00fasica e movemento <a href=\"http:\/\/anpagarciabarbon.org\/?p=4208\" data-type=\"URL\" data-id=\"http:\/\/anpagarciabarbon.org\/?p=4208\">http:\/\/anpagarciabarbon.org\/?p=4208<\/a><\/p>\n\n\n\n<p>Kung fu <a href=\"http:\/\/anpagarciabarbon.org\/?p=4242\" data-type=\"URL\" data-id=\"http:\/\/anpagarciabarbon.org\/?p=4242\">http:\/\/anpagarciabarbon.org\/?p=4242<\/a><\/p>\n\n\n\n<p>Patinaxe <a href=\"http:\/\/anpagarciabarbon.org\/?p=4247\" data-type=\"URL\" data-id=\"http:\/\/anpagarciabarbon.org\/?p=4247\">http:\/\/anpagarciabarbon.org\/?p=4247<\/a><\/p>\n\n\n\n<p>Baloncesto <a href=\"http:\/\/anpagarciabarbon.org\/?p=4256\" data-type=\"URL\" data-id=\"http:\/\/anpagarciabarbon.org\/?p=4256\">http:\/\/anpagarciabarbon.org\/?p=4256<\/a><\/p>\n\n\n\n<p>Xadrez <a href=\"http:\/\/anpagarciabarbon.org\/?p=4262\" data-type=\"URL\" data-id=\"http:\/\/anpagarciabarbon.org\/?p=4262\">http:\/\/anpagarciabarbon.org\/?p=4262<\/a><\/p>\n","protected":false},"excerpt":{"rendered":"<p>As actividades extraescolares te\u00f1en un papel fundamental na organizaci\u00f3n e xesti\u00f3n da ANPA. Tratamos de ofrecer sempre actividades que resulten atractivas para as nenas e nenos, que contrib\u00faan ao seu [&hellip;]<\/p>\n","protected":false},"author":1,"featured_media":0,"parent":0,"menu_order":1,"comment_status":"closed","ping_status":"open","template":"","meta":{"footnotes":""},"_links":{"self":[{"href":"https:\/\/anpagarciabarbon.org\/index.php?rest_route=\/wp\/v2\/pages\/15"}],"collection":[{"href":"https:\/\/anpagarciabarbon.org\/index.php?rest_route=\/wp\/v2\/pages"}],"about":[{"href":"https:\/\/anpagarciabarbon.org\/index.php?rest_route=\/wp\/v2\/types\/page"}],"author":[{"embeddable":true,"href":"https:\/\/anpagarciabarbon.org\/index.php?rest_route=\/wp\/v2\/users\/1"}],"replies":[{"embeddable":true,"href":"https:\/\/anpagarciabarbon.org\/index.php?rest_route=%2Fwp%2Fv2%2Fcomments&post=15"}],"version-history":[{"count":54,"href":"https:\/\/anpagarciabarbon.org\/index.php?rest_route=\/wp\/v2\/pages\/15\/revisions"}],"predecessor-version":[{"id":5340,"href":"https:\/\/anpagarciabarbon.org\/index.php?rest_route=\/wp\/v2\/pages\/15\/revisions\/5340"}],"wp:attachment":[{"href":"https:\/\/anpagarciabarbon.org\/index.php?rest_route=%2Fwp%2Fv2%2Fmedia&parent=15"}],"curies":[{"name":"wp","href":"https:\/\/api.w.org\/{rel}","templated":true}]}}