{"id":68,"date":"2013-01-06T21:22:01","date_gmt":"2013-01-06T21:22:01","guid":{"rendered":"http:\/\/anpagarciabarbon.org\/?page_id=68"},"modified":"2013-01-06T21:22:01","modified_gmt":"2013-01-06T21:22:01","slug":"estatutos","status":"publish","type":"page","link":"http:\/\/anpagarciabarbon.org\/?page_id=68","title":{"rendered":"Estatutos"},"content":{"rendered":"<p>Os estatutos da ANPA do CEIP Garc\u00eda Barb\u00f3n os podes consultar <a title=\"Estatutos da ANPA do CEIP Garc\u00eda Barb\u00f3n\" href=\"https:\/\/docs.google.com\/open?id=0BxsH5jtDzv-hU3EzTVRGc2hkak0\" target=\"_blank\">aqu\u00ed<\/a><\/p>\n","protected":false},"excerpt":{"rendered":"<p>Os estatutos da ANPA do CEIP Garc\u00eda Barb\u00f3n os podes consultar aqu\u00ed<\/p>\n","protected":false},"author":1,"featured_media":0,"parent":22,"menu_order":2,"comment_status":"closed","ping_status":"open","template":"","meta":{"footnotes":""},"_links":{"self":[{"href":"http:\/\/anpagarciabarbon.org\/index.php?rest_route=\/wp\/v2\/pages\/68"}],"collection":[{"href":"http:\/\/anpagarciabarbon.org\/index.php?rest_route=\/wp\/v2\/pages"}],"about":[{"href":"http:\/\/anpagarciabarbon.org\/index.php?rest_route=\/wp\/v2\/types\/page"}],"author":[{"embeddable":true,"href":"http:\/\/anpagarciabarbon.org\/index.php?rest_route=\/wp\/v2\/users\/1"}],"replies":[{"embeddable":true,"href":"http:\/\/anpagarciabarbon.org\/index.php?rest_route=%2Fwp%2Fv2%2Fcomments&post=68"}],"version-history":[{"count":0,"href":"http:\/\/anpagarciabarbon.org\/index.php?rest_route=\/wp\/v2\/pages\/68\/revisions"}],"up":[{"embeddable":true,"href":"http:\/\/anpagarciabarbon.org\/index.php?rest_route=\/wp\/v2\/pages\/22"}],"wp:attachment":[{"href":"http:\/\/anpagarciabarbon.org\/index.php?rest_route=%2Fwp%2Fv2%2Fmedia&parent=68"}],"curies":[{"name":"wp","href":"https:\/\/api.w.org\/{rel}","templated":true}]}}