{"id":4067,"date":"2023-05-18T22:35:22","date_gmt":"2023-05-18T20:35:22","guid":{"rendered":"http:\/\/anpagarciabarbon.org\/?page_id=4067"},"modified":"2023-05-24T14:29:17","modified_gmt":"2023-05-24T12:29:17","slug":"horto","status":"publish","type":"page","link":"http:\/\/anpagarciabarbon.org\/?page_id=4067","title":{"rendered":"Horto"},"content":{"rendered":"\n<div class=\"wp-block-cover has-background-dim\" style=\"background-image:url(http:\/\/anpagarciabarbon.org\/wp-content\/uploads\/2023\/05\/WhatsApp-Image-2023-05-24-at-13.32.52-1.jpeg);background-position:40% 42%\"><div class=\"wp-block-cover__inner-container is-layout-flow wp-block-cover-is-layout-flow\">\n<p class=\"has-text-align-center has-large-font-size\">HORTO<\/p>\n<\/div><\/div>\n\n\n\n<p>No curso escolar 2015\/2016 esta ANPA puxo en marcha un horto ecol\u00f3xico nun pequeno espazo dentro das instalaci\u00f3ns do centro.<\/p>\n\n\n\n<p>A posta en marcha deste proxecto, permite traballar co alumnado dunha maneira m\u00e1is ampla na educaci\u00f3n ambiental, intentando espertar neles certa curiosidade e sensibilidade co mundo vinculado coa terra e os ciclos vitais. Perm\u00edteslle co\u00f1ecer de primeira man o funcionamento dos sistemas naturais, a incidencia da agricultura nas persoas (alimentaci\u00f3n e sa\u00fade) e a importancia da conservaci\u00f3n do medio ambiente (reciclaxe e ecoloxia).<\/p>\n\n\n\n<p>Tendo en conta que o colexio at\u00f3pase adem\u00e1is nun entorno urbano, entendemos que este tipo de iniciativas te\u00f1en moita relevancia dentro da nosa comunidade educativa.<\/p>\n\n\n\n<figure class=\"wp-block-gallery alignwide columns-2 is-cropped wp-block-gallery-1 is-layout-flex wp-block-gallery-is-layout-flex\"><ul class=\"blocks-gallery-grid\"><li class=\"blocks-gallery-item\"><figure><img loading=\"lazy\" decoding=\"async\" width=\"768\" height=\"1024\" src=\"http:\/\/anpagarciabarbon.org\/wp-content\/uploads\/2023\/05\/WhatsApp-Image-2023-05-24-at-13.18.19.jpeg\" alt=\"\" data-id=\"4077\" data-full-url=\"http:\/\/anpagarciabarbon.org\/wp-content\/uploads\/2023\/05\/WhatsApp-Image-2023-05-24-at-13.18.19.jpeg\" data-link=\"http:\/\/anpagarciabarbon.org\/?attachment_id=4077\" class=\"wp-image-4077\" srcset=\"http:\/\/anpagarciabarbon.org\/wp-content\/uploads\/2023\/05\/WhatsApp-Image-2023-05-24-at-13.18.19.jpeg 768w, http:\/\/anpagarciabarbon.org\/wp-content\/uploads\/2023\/05\/WhatsApp-Image-2023-05-24-at-13.18.19-225x300.jpeg 225w, http:\/\/anpagarciabarbon.org\/wp-content\/uploads\/2023\/05\/WhatsApp-Image-2023-05-24-at-13.18.19-576x768.jpeg 576w\" sizes=\"(max-width: 768px) 100vw, 768px\" \/><\/figure><\/li><li class=\"blocks-gallery-item\"><figure><img loading=\"lazy\" decoding=\"async\" width=\"768\" height=\"1024\" src=\"http:\/\/anpagarciabarbon.org\/wp-content\/uploads\/2023\/05\/WhatsApp-Image-2023-05-24-at-13.30.01.jpeg\" alt=\"\" data-id=\"4081\" data-full-url=\"http:\/\/anpagarciabarbon.org\/wp-content\/uploads\/2023\/05\/WhatsApp-Image-2023-05-24-at-13.30.01.jpeg\" data-link=\"http:\/\/anpagarciabarbon.org\/?attachment_id=4081\" class=\"wp-image-4081\" srcset=\"http:\/\/anpagarciabarbon.org\/wp-content\/uploads\/2023\/05\/WhatsApp-Image-2023-05-24-at-13.30.01.jpeg 768w, http:\/\/anpagarciabarbon.org\/wp-content\/uploads\/2023\/05\/WhatsApp-Image-2023-05-24-at-13.30.01-225x300.jpeg 225w, http:\/\/anpagarciabarbon.org\/wp-content\/uploads\/2023\/05\/WhatsApp-Image-2023-05-24-at-13.30.01-576x768.jpeg 576w\" sizes=\"(max-width: 768px) 100vw, 768px\" \/><\/figure><\/li><\/ul><\/figure>\n","protected":false},"excerpt":{"rendered":"<p>No curso escolar 2015\/2016 esta ANPA puxo en marcha un horto ecol\u00f3xico nun pequeno espazo dentro das instalaci\u00f3ns do centro. A posta en marcha deste proxecto, permite traballar co alumnado [&hellip;]<\/p>\n","protected":false},"author":3,"featured_media":0,"parent":0,"menu_order":16,"comment_status":"closed","ping_status":"closed","template":"","meta":{"footnotes":""},"_links":{"self":[{"href":"http:\/\/anpagarciabarbon.org\/index.php?rest_route=\/wp\/v2\/pages\/4067"}],"collection":[{"href":"http:\/\/anpagarciabarbon.org\/index.php?rest_route=\/wp\/v2\/pages"}],"about":[{"href":"http:\/\/anpagarciabarbon.org\/index.php?rest_route=\/wp\/v2\/types\/page"}],"author":[{"embeddable":true,"href":"http:\/\/anpagarciabarbon.org\/index.php?rest_route=\/wp\/v2\/users\/3"}],"replies":[{"embeddable":true,"href":"http:\/\/anpagarciabarbon.org\/index.php?rest_route=%2Fwp%2Fv2%2Fcomments&post=4067"}],"version-history":[{"count":8,"href":"http:\/\/anpagarciabarbon.org\/index.php?rest_route=\/wp\/v2\/pages\/4067\/revisions"}],"predecessor-version":[{"id":4101,"href":"http:\/\/anpagarciabarbon.org\/index.php?rest_route=\/wp\/v2\/pages\/4067\/revisions\/4101"}],"wp:attachment":[{"href":"http:\/\/anpagarciabarbon.org\/index.php?rest_route=%2Fwp%2Fv2%2Fmedia&parent=4067"}],"curies":[{"name":"wp","href":"https:\/\/api.w.org\/{rel}","templated":true}]}}