{"id":1233,"date":"2015-09-14T13:24:51","date_gmt":"2015-09-14T13:24:51","guid":{"rendered":"http:\/\/anpagarciabarbon.org\/?page_id=1233"},"modified":"2025-06-26T10:38:15","modified_gmt":"2025-06-26T08:38:15","slug":"documentos","status":"publish","type":"page","link":"http:\/\/anpagarciabarbon.org\/?page_id=1233","title":{"rendered":"Documentos"},"content":{"rendered":"\n<p><\/p>\n\n\n\n<p class=\"has-larger-font-size\"><strong>Inscripci\u00f3n na ANPA<\/strong><\/p>\n\n\n\n<p><a href=\"https:\/\/forms.gle\/bmfiPvLEsqxKYup7A\">https:\/\/forms.gle\/bmfiPvLEsqxKYup7A<\/a><\/p>\n\n\n\n<p class=\"has-larger-font-size\"><strong>Documentos do Comedor:<\/strong><\/p>\n\n\n\n<p class=\"has-regular-font-size\"><strong>Inscripci\u00f3n Comedor: <\/strong><\/p>\n\n\n\n<p><a href=\"https:\/\/forms.gle\/zznxFSg7v1AXgmU69\">https:\/\/forms.gle\/zznxFSg7v1AXgmU69<\/a><\/p>\n\n\n\n<p><strong>Autorizaci\u00f3n de recollida: <\/strong><\/p>\n\n\n\n<p><a href=\"https:\/\/forms.gle\/o6ScXmcspYJdbsyk6\">https:\/\/forms.gle\/o6ScXmcspYJdbsyk6<\/a><\/p>\n\n\n\n<p><strong>Autorizaci\u00f3n do alumnado de sa\u00edda s\u00f3: <\/strong><\/p>\n\n\n\n<p><a href=\"https:\/\/forms.gle\/Du6YEViM4HfmKwTVA\">https:\/\/forms.gle\/Du6YEViM4HfmKwTVA<\/a><\/p>\n\n\n\n<p><strong>Modificaci\u00f3n dos datos bancarios<\/strong><\/p>\n\n\n\n<p><a href=\"https:\/\/forms.gle\/LqeP2agGbZNT4kQ36\">https:\/\/forms.gle\/LqeP2agGbZNT4kQ36<\/a><strong>:<\/strong><\/p>\n\n\n\n<p><\/p>\n\n\n\n<p class=\"has-larger-font-size\"><strong>DOCUMENTOS AULA MATINAL<\/strong><\/p>\n\n\n\n<p><a href=\"https:\/\/forms.gle\/wh9M4e87Trqz5JVc7\">https:\/\/forms.gle\/wh9M4e87Trqz5JVc7<\/a><\/p>\n\n\n\n<figure class=\"wp-block-image size-large\"><a href=\"https:\/\/forms.gle\/jxojpQZ4gYSb9tCx5\"><img decoding=\"async\" src=\"<iframe src=&quot;https:\/\/docs.google.com\/forms\/d\/e\/1FAIpQLSdjyjCCpCJIQ8CpeLQ_AUx0PaFwkiyGLivysRGV2k5KSEU7rA\/viewform?embedded=true&quot; width=&quot;640&quot; height=&quot;5709&quot; frameborder=&quot;0&quot; marginheight=&quot;0&quot; marginwidth=&quot;0&quot;&gt;Cargando\u2026<\/iframe&gt;\" alt=\"\"\/><\/a><\/figure>\n\n\n\n<h1 class=\"wp-block-heading\">Soporte e consellos<\/h1>\n\n\n\n<p><strong>C\u00f3mo cumplimentar (encher) os documentos antes de imprimilos:<\/strong><\/p>\n\n\n\n<p>DescargarAcrobat Reader DC <a href=\"https:\/\/get.adobe.com\/es\/reader\/\" target=\"_blank\" rel=\"noreferrer noopener\">aqu\u00ed.<\/a><\/p>\n\n\n\n<p><a href=\"https:\/\/helpx.adobe.com\/es\/reader\/using\/fill-and-sign.html\" target=\"_blank\" rel=\"noreferrer noopener\">Instrucci\u00f3ns de uso para encher o formulario (castel\u00e1n)<\/a><\/p>\n","protected":false},"excerpt":{"rendered":"<p>Inscripci\u00f3n na ANPA https:\/\/forms.gle\/bmfiPvLEsqxKYup7A Documentos do Comedor: Inscripci\u00f3n Comedor: https:\/\/forms.gle\/zznxFSg7v1AXgmU69 Autorizaci\u00f3n de recollida: https:\/\/forms.gle\/o6ScXmcspYJdbsyk6 Autorizaci\u00f3n do alumnado de sa\u00edda s\u00f3: https:\/\/forms.gle\/Du6YEViM4HfmKwTVA Modificaci\u00f3n dos datos bancarios https:\/\/forms.gle\/LqeP2agGbZNT4kQ36: DOCUMENTOS AULA MATINAL https:\/\/forms.gle\/wh9M4e87Trqz5JVc7 [&hellip;]<\/p>\n","protected":false},"author":1,"featured_media":0,"parent":0,"menu_order":0,"comment_status":"closed","ping_status":"open","template":"","meta":{"footnotes":""},"_links":{"self":[{"href":"http:\/\/anpagarciabarbon.org\/index.php?rest_route=\/wp\/v2\/pages\/1233"}],"collection":[{"href":"http:\/\/anpagarciabarbon.org\/index.php?rest_route=\/wp\/v2\/pages"}],"about":[{"href":"http:\/\/anpagarciabarbon.org\/index.php?rest_route=\/wp\/v2\/types\/page"}],"author":[{"embeddable":true,"href":"http:\/\/anpagarciabarbon.org\/index.php?rest_route=\/wp\/v2\/users\/1"}],"replies":[{"embeddable":true,"href":"http:\/\/anpagarciabarbon.org\/index.php?rest_route=%2Fwp%2Fv2%2Fcomments&post=1233"}],"version-history":[{"count":47,"href":"http:\/\/anpagarciabarbon.org\/index.php?rest_route=\/wp\/v2\/pages\/1233\/revisions"}],"predecessor-version":[{"id":5220,"href":"http:\/\/anpagarciabarbon.org\/index.php?rest_route=\/wp\/v2\/pages\/1233\/revisions\/5220"}],"wp:attachment":[{"href":"http:\/\/anpagarciabarbon.org\/index.php?rest_route=%2Fwp%2Fv2%2Fmedia&parent=1233"}],"curies":[{"name":"wp","href":"https:\/\/api.w.org\/{rel}","templated":true}]}}